{"id":3011,"date":"2024-02-08T11:26:01","date_gmt":"2024-02-08T11:26:01","guid":{"rendered":"https:\/\/bpcrefinish.com\/?post_type=product&#038;p=3011"},"modified":"2024-05-30T15:29:01","modified_gmt":"2024-05-30T15:29:01","slug":"esponja-doble-cara-automocion","status":"publish","type":"product","link":"https:\/\/bpcrefinish.com\/?product=esponja-doble-cara-automocion","title":{"rendered":"ESPONJA DOBLE CARA AUTOMOCI\u00d3N"},"content":{"rendered":"<p><strong>Pack:\u00a0 \u00a0<\/strong>100 unidades<\/p>\n<p><strong>Medida:\u00a0 <\/strong>120mm x 98mm<\/p>\n<p><strong>Grosor:\u00a0 <\/strong>13mm<\/p>\n<p><strong>Granulometr\u00eda:\u00a0 <\/strong>Superfina:\u00a0 800<\/p>\n<p><strong>Composici\u00f3n:\u00a0 <\/strong>A\/O<\/p>\n","protected":false},"excerpt":{"rendered":"<p>La Esponja Flexible abrasiva de dos caras, es ideal para trabajos en seco y h\u00famedo. Destacamos su f\u00f3rmula innovadora la cu\u00e1l permite un mayor rendimiento dando paso a un perfecto acabado.<\/p>\n<p>La composici\u00f3n de minerales y su aplicaci\u00f3n en el soporte de espuma consigue una durabilidad m\u00e1xima del grano, ya que el mineral no se emboza y acaba cuando \u00e9ste se desgasta por completo.<\/p>\n<p>&nbsp;<\/p>\n","protected":false},"featured_media":3020,"template":"","meta":{"om_disable_all_campaigns":false,"_uag_custom_page_level_css":"","_monsterinsights_skip_tracking":false,"_monsterinsights_sitenote_active":false,"_monsterinsights_sitenote_note":"","_monsterinsights_sitenote_category":0,"site-sidebar-layout":"default","site-content-layout":"","ast-site-content-layout":"default","site-content-style":"default","site-sidebar-style":"default","ast-global-header-display":"","ast-banner-title-visibility":"","ast-main-header-display":"","ast-hfb-above-header-display":"","ast-hfb-below-header-display":"","ast-hfb-mobile-header-display":"","site-post-title":"","ast-breadcrumbs-content":"","ast-featured-img":"","footer-sml-layout":"","ast-disable-related-posts":"","theme-transparent-header-meta":"default","adv-header-id-meta":"","stick-header-meta":"","header-above-stick-meta":"","header-main-stick-meta":"","header-below-stick-meta":"","astra-migrate-meta-layouts":"set","ast-page-background-enabled":"default","ast-page-background-meta":{"desktop":{"background-color":"","background-image":"","background-repeat":"repeat","background-position":"center center","background-size":"auto","background-attachment":"scroll","background-type":"","background-media":"","overlay-type":"","overlay-color":"","overlay-opacity":"","overlay-gradient":""},"tablet":{"background-color":"","background-image":"","background-repeat":"repeat","background-position":"center center","background-size":"auto","background-attachment":"scroll","background-type":"","background-media":"","overlay-type":"","overlay-color":"","overlay-opacity":"","overlay-gradient":""},"mobile":{"background-color":"","background-image":"","background-repeat":"repeat","background-position":"center center","background-size":"auto","background-attachment":"scroll","background-type":"","background-media":"","overlay-type":"","overlay-color":"","overlay-opacity":"","overlay-gradient":""}},"ast-content-background-meta":{"desktop":{"background-color":"var(--ast-global-color-5)","background-image":"","background-repeat":"repeat","background-position":"center center","background-size":"auto","background-attachment":"scroll","background-type":"","background-media":"","overlay-type":"","overlay-color":"","overlay-opacity":"","overlay-gradient":""},"tablet":{"background-color":"var(--ast-global-color-5)","background-image":"","background-repeat":"repeat","background-position":"center center","background-size":"auto","background-attachment":"scroll","background-type":"","background-media":"","overlay-type":"","overlay-color":"","overlay-opacity":"","overlay-gradient":""},"mobile":{"background-color":"var(--ast-global-color-5)","background-image":"","background-repeat":"repeat","background-position":"center center","background-size":"auto","background-attachment":"scroll","background-type":"","background-media":"","overlay-type":"","overlay-color":"","overlay-opacity":"","overlay-gradient":""}}},"product_brand":[],"product_cat":[52],"product_tag":[],"class_list":{"0":"post-3011","1":"product","2":"type-product","3":"status-publish","4":"has-post-thumbnail","6":"product_cat-productos-intermedios","7":"desktop-align-left","8":"tablet-align-left","9":"mobile-align-left","11":"first","12":"instock","13":"taxable","14":"shipping-taxable","15":"purchasable","16":"product-type-simple"},"uagb_featured_image_src":{"full":["https:\/\/bpcrefinish.com\/wp-content\/uploads\/2024\/02\/ESPONJA-DOBLE-CARA-AUTOMOCION-2.jpg",728,681,false],"thumbnail":["https:\/\/bpcrefinish.com\/wp-content\/uploads\/2024\/02\/ESPONJA-DOBLE-CARA-AUTOMOCION-2-150x150.jpg",150,150,true],"medium":["https:\/\/bpcrefinish.com\/wp-content\/uploads\/2024\/02\/ESPONJA-DOBLE-CARA-AUTOMOCION-2-300x281.jpg",300,281,true],"medium_large":["https:\/\/bpcrefinish.com\/wp-content\/uploads\/2024\/02\/ESPONJA-DOBLE-CARA-AUTOMOCION-2.jpg",728,681,false],"large":["https:\/\/bpcrefinish.com\/wp-content\/uploads\/2024\/02\/ESPONJA-DOBLE-CARA-AUTOMOCION-2.jpg",728,681,false],"1536x1536":["https:\/\/bpcrefinish.com\/wp-content\/uploads\/2024\/02\/ESPONJA-DOBLE-CARA-AUTOMOCION-2.jpg",728,681,false],"2048x2048":["https:\/\/bpcrefinish.com\/wp-content\/uploads\/2024\/02\/ESPONJA-DOBLE-CARA-AUTOMOCION-2.jpg",728,681,false],"woocommerce_thumbnail":["https:\/\/bpcrefinish.com\/wp-content\/uploads\/2024\/02\/ESPONJA-DOBLE-CARA-AUTOMOCION-2-300x300.jpg",300,300,true],"woocommerce_single":["https:\/\/bpcrefinish.com\/wp-content\/uploads\/2024\/02\/ESPONJA-DOBLE-CARA-AUTOMOCION-2-600x561.jpg",600,561,true],"woocommerce_gallery_thumbnail":["https:\/\/bpcrefinish.com\/wp-content\/uploads\/2024\/02\/ESPONJA-DOBLE-CARA-AUTOMOCION-2-100x100.jpg",100,100,true],"variation_swatches_image_size":["https:\/\/bpcrefinish.com\/wp-content\/uploads\/2024\/02\/ESPONJA-DOBLE-CARA-AUTOMOCION-2-50x50.jpg",50,50,true],"variation_swatches_tooltip_size":["https:\/\/bpcrefinish.com\/wp-content\/uploads\/2024\/02\/ESPONJA-DOBLE-CARA-AUTOMOCION-2-100x100.jpg",100,100,true]},"uagb_author_info":{"display_name":"bpcrefinish","author_link":"https:\/\/bpcrefinish.com\/?author=0"},"uagb_comment_info":0,"uagb_excerpt":"La Esponja Flexible abrasiva de dos caras, es ideal para trabajos en seco y h\u00famedo. Destacamos su f\u00f3rmula innovadora la cu\u00e1l permite un mayor rendimiento dando paso a un perfecto acabado. La composici\u00f3n de minerales y su aplicaci\u00f3n en el soporte de espuma consigue una durabilidad m\u00e1xima del grano, ya que el mineral no se&hellip;","jetpack_sharing_enabled":true,"_links":{"self":[{"href":"https:\/\/bpcrefinish.com\/index.php?rest_route=\/wp\/v2\/product\/3011","targetHints":{"allow":["GET"]}}],"collection":[{"href":"https:\/\/bpcrefinish.com\/index.php?rest_route=\/wp\/v2\/product"}],"about":[{"href":"https:\/\/bpcrefinish.com\/index.php?rest_route=\/wp\/v2\/types\/product"}],"wp:featuredmedia":[{"embeddable":true,"href":"https:\/\/bpcrefinish.com\/index.php?rest_route=\/wp\/v2\/media\/3020"}],"wp:attachment":[{"href":"https:\/\/bpcrefinish.com\/index.php?rest_route=%2Fwp%2Fv2%2Fmedia&parent=3011"}],"wp:term":[{"taxonomy":"product_brand","embeddable":true,"href":"https:\/\/bpcrefinish.com\/index.php?rest_route=%2Fwp%2Fv2%2Fproduct_brand&post=3011"},{"taxonomy":"product_cat","embeddable":true,"href":"https:\/\/bpcrefinish.com\/index.php?rest_route=%2Fwp%2Fv2%2Fproduct_cat&post=3011"},{"taxonomy":"product_tag","embeddable":true,"href":"https:\/\/bpcrefinish.com\/index.php?rest_route=%2Fwp%2Fv2%2Fproduct_tag&post=3011"}],"curies":[{"name":"wp","href":"https:\/\/api.w.org\/{rel}","templated":true}]}}