{"id":2889,"date":"2024-01-14T12:46:57","date_gmt":"2024-01-14T12:46:57","guid":{"rendered":"https:\/\/bpcrefinish.com\/?post_type=product&#038;p=2889"},"modified":"2025-08-14T17:17:16","modified_gmt":"2025-08-14T17:17:16","slug":"pintura-en-spray-a-medida","status":"publish","type":"product","link":"https:\/\/bpcrefinish.com\/?product=pintura-en-spray-a-medida","title":{"rendered":"PINTURA EN SPRAY A LA CARTA"},"content":{"rendered":"<p><strong>SPRAY DE PINTURA A LA CARTA<\/strong><\/p>\n<p>La pintura en aerosol personalizable es el spray m\u00e1s profesional personalizado y lleno de la mejor laca para coches. Este aerosol de se mezcla por c\u00f3digo de color o nombre de color, lo que hace que sea 100% resistente al color de la pintura original de la marca del coche, la marca de la moto o el color RAL. El spray de pintura para coches es un aerosol con tecnolog\u00eda UHS patentada y boquilla exclusiva que garantiza la m\u00e1xima cobertura y una atomizaci\u00f3n de la pintura equivalente a la de una pistola de pintura profesional.<\/p>\n<p>El mejor aerosol para pintura de coches con pulverizador profesional<\/p>\n<p>El bote de pintura incorpora un tap\u00f3n pulverizador \u00fanico y la tecnolog\u00eda UHS. La combinaci\u00f3n del tap\u00f3n pulverizador especial y la tecnolog\u00eda de pulverizaci\u00f3n garantiza una alta cobertura y atomizaci\u00f3n de la laca sin precedentes, equivalente a la de un pulverizador de pintura profesional. La tapa de pulverizaci\u00f3n tambi\u00e9n garantiza un bajo exceso de pulverizaci\u00f3n.<\/p>\n","protected":false},"excerpt":{"rendered":"<p>USO EXCLUSIVO PROFESIONAL<\/p>\n","protected":false},"featured_media":2890,"template":"","meta":{"om_disable_all_campaigns":false,"_uag_custom_page_level_css":"","_monsterinsights_skip_tracking":false,"_monsterinsights_sitenote_active":false,"_monsterinsights_sitenote_note":"","_monsterinsights_sitenote_category":0,"site-sidebar-layout":"default","site-content-layout":"","ast-site-content-layout":"default","site-content-style":"default","site-sidebar-style":"default","ast-global-header-display":"","ast-banner-title-visibility":"","ast-main-header-display":"","ast-hfb-above-header-display":"","ast-hfb-below-header-display":"","ast-hfb-mobile-header-display":"","site-post-title":"","ast-breadcrumbs-content":"","ast-featured-img":"","footer-sml-layout":"","ast-disable-related-posts":"","theme-transparent-header-meta":"default","adv-header-id-meta":"","stick-header-meta":"","header-above-stick-meta":"","header-main-stick-meta":"","header-below-stick-meta":"","astra-migrate-meta-layouts":"set","ast-page-background-enabled":"default","ast-page-background-meta":{"desktop":{"background-color":"","background-image":"","background-repeat":"repeat","background-position":"center center","background-size":"auto","background-attachment":"scroll","background-type":"","background-media":"","overlay-type":"","overlay-color":"","overlay-opacity":"","overlay-gradient":""},"tablet":{"background-color":"","background-image":"","background-repeat":"repeat","background-position":"center center","background-size":"auto","background-attachment":"scroll","background-type":"","background-media":"","overlay-type":"","overlay-color":"","overlay-opacity":"","overlay-gradient":""},"mobile":{"background-color":"","background-image":"","background-repeat":"repeat","background-position":"center center","background-size":"auto","background-attachment":"scroll","background-type":"","background-media":"","overlay-type":"","overlay-color":"","overlay-opacity":"","overlay-gradient":""}},"ast-content-background-meta":{"desktop":{"background-color":"var(--ast-global-color-5)","background-image":"","background-repeat":"repeat","background-position":"center center","background-size":"auto","background-attachment":"scroll","background-type":"","background-media":"","overlay-type":"","overlay-color":"","overlay-opacity":"","overlay-gradient":""},"tablet":{"background-color":"var(--ast-global-color-5)","background-image":"","background-repeat":"repeat","background-position":"center center","background-size":"auto","background-attachment":"scroll","background-type":"","background-media":"","overlay-type":"","overlay-color":"","overlay-opacity":"","overlay-gradient":""},"mobile":{"background-color":"var(--ast-global-color-5)","background-image":"","background-repeat":"repeat","background-position":"center center","background-size":"auto","background-attachment":"scroll","background-type":"","background-media":"","overlay-type":"","overlay-color":"","overlay-opacity":"","overlay-gradient":""}}},"product_brand":[],"product_cat":[47],"product_tag":[],"class_list":{"0":"post-2889","1":"product","2":"type-product","3":"status-publish","4":"has-post-thumbnail","6":"product_cat-colores","7":"desktop-align-left","8":"tablet-align-left","9":"mobile-align-left","11":"first","12":"instock","13":"taxable","14":"shipping-taxable","15":"purchasable","16":"product-type-simple"},"uagb_featured_image_src":{"full":["https:\/\/bpcrefinish.com\/wp-content\/uploads\/2024\/01\/PINTUJRA-EN-SPRAY.jpg",1080,1080,false],"thumbnail":["https:\/\/bpcrefinish.com\/wp-content\/uploads\/2024\/01\/PINTUJRA-EN-SPRAY-150x150.jpg",150,150,true],"medium":["https:\/\/bpcrefinish.com\/wp-content\/uploads\/2024\/01\/PINTUJRA-EN-SPRAY-300x300.jpg",300,300,true],"medium_large":["https:\/\/bpcrefinish.com\/wp-content\/uploads\/2024\/01\/PINTUJRA-EN-SPRAY-768x768.jpg",768,768,true],"large":["https:\/\/bpcrefinish.com\/wp-content\/uploads\/2024\/01\/PINTUJRA-EN-SPRAY-1024x1024.jpg",1024,1024,true],"1536x1536":["https:\/\/bpcrefinish.com\/wp-content\/uploads\/2024\/01\/PINTUJRA-EN-SPRAY.jpg",1080,1080,false],"2048x2048":["https:\/\/bpcrefinish.com\/wp-content\/uploads\/2024\/01\/PINTUJRA-EN-SPRAY.jpg",1080,1080,false],"woocommerce_thumbnail":["https:\/\/bpcrefinish.com\/wp-content\/uploads\/2024\/01\/PINTUJRA-EN-SPRAY-300x300.jpg",300,300,true],"woocommerce_single":["https:\/\/bpcrefinish.com\/wp-content\/uploads\/2024\/01\/PINTUJRA-EN-SPRAY-600x600.jpg",600,600,true],"woocommerce_gallery_thumbnail":["https:\/\/bpcrefinish.com\/wp-content\/uploads\/2024\/01\/PINTUJRA-EN-SPRAY-100x100.jpg",100,100,true],"variation_swatches_image_size":["https:\/\/bpcrefinish.com\/wp-content\/uploads\/2024\/01\/PINTUJRA-EN-SPRAY-50x50.jpg",50,50,true],"variation_swatches_tooltip_size":["https:\/\/bpcrefinish.com\/wp-content\/uploads\/2024\/01\/PINTUJRA-EN-SPRAY-100x100.jpg",100,100,true]},"uagb_author_info":{"display_name":"bpcrefinish","author_link":"https:\/\/bpcrefinish.com\/?author=0"},"uagb_comment_info":0,"uagb_excerpt":"USO EXCLUSIVO PROFESIONAL","jetpack_sharing_enabled":true,"_links":{"self":[{"href":"https:\/\/bpcrefinish.com\/index.php?rest_route=\/wp\/v2\/product\/2889","targetHints":{"allow":["GET"]}}],"collection":[{"href":"https:\/\/bpcrefinish.com\/index.php?rest_route=\/wp\/v2\/product"}],"about":[{"href":"https:\/\/bpcrefinish.com\/index.php?rest_route=\/wp\/v2\/types\/product"}],"wp:featuredmedia":[{"embeddable":true,"href":"https:\/\/bpcrefinish.com\/index.php?rest_route=\/wp\/v2\/media\/2890"}],"wp:attachment":[{"href":"https:\/\/bpcrefinish.com\/index.php?rest_route=%2Fwp%2Fv2%2Fmedia&parent=2889"}],"wp:term":[{"taxonomy":"product_brand","embeddable":true,"href":"https:\/\/bpcrefinish.com\/index.php?rest_route=%2Fwp%2Fv2%2Fproduct_brand&post=2889"},{"taxonomy":"product_cat","embeddable":true,"href":"https:\/\/bpcrefinish.com\/index.php?rest_route=%2Fwp%2Fv2%2Fproduct_cat&post=2889"},{"taxonomy":"product_tag","embeddable":true,"href":"https:\/\/bpcrefinish.com\/index.php?rest_route=%2Fwp%2Fv2%2Fproduct_tag&post=2889"}],"curies":[{"name":"wp","href":"https:\/\/api.w.org\/{rel}","templated":true}]}}