{"id":2639,"date":"2023-12-29T10:39:40","date_gmt":"2023-12-29T10:39:40","guid":{"rendered":"https:\/\/bpcrefinish.com\/?post_type=product&#038;p=2639"},"modified":"2025-08-14T17:19:43","modified_gmt":"2025-08-14T17:19:43","slug":"color-monocapa-blanco-puro-uhs-2k","status":"publish","type":"product","link":"https:\/\/bpcrefinish.com\/?product=color-monocapa-blanco-puro-uhs-2k","title":{"rendered":"COLOR MONOCAPA BLANCO PURO UHS 2K 4L 7710"},"content":{"rendered":"<p class=\"fs-sm mb-2\"><strong>PINTURA MONOCAPA COCHE BICOMPONENTE BRILLO DIRECTO. COLOR: BLANCO PURO<\/strong><\/p>\n<p>Pintura acr\u00edlica de\u00a0alto brillo, dureza y resistencia a la intemperie.<br \/>\nGran facilidad de aplicaci\u00f3n y r\u00e1pido secado por lo que se recomienda para cualquier aplicaci\u00f3n que requiere alto nivel de calidad.<\/p>\n","protected":false},"excerpt":{"rendered":"<p><strong>PINTURA MONOCAPA COCHE BICOMPONENTE BRILLO DIRECTO. COLOR: BLANCO PURO<\/strong><\/p>\n<p>&nbsp;<\/p>\n<p>USO EXCLUSICO PROFESIONAL<\/p>\n","protected":false},"featured_media":2640,"template":"","meta":{"om_disable_all_campaigns":false,"_uag_custom_page_level_css":"","_monsterinsights_skip_tracking":false,"_monsterinsights_sitenote_active":false,"_monsterinsights_sitenote_note":"","_monsterinsights_sitenote_category":0,"site-sidebar-layout":"default","site-content-layout":"","ast-site-content-layout":"default","site-content-style":"default","site-sidebar-style":"default","ast-global-header-display":"","ast-banner-title-visibility":"","ast-main-header-display":"","ast-hfb-above-header-display":"","ast-hfb-below-header-display":"","ast-hfb-mobile-header-display":"","site-post-title":"","ast-breadcrumbs-content":"","ast-featured-img":"","footer-sml-layout":"","ast-disable-related-posts":"","theme-transparent-header-meta":"default","adv-header-id-meta":"","stick-header-meta":"","header-above-stick-meta":"","header-main-stick-meta":"","header-below-stick-meta":"","astra-migrate-meta-layouts":"set","ast-page-background-enabled":"default","ast-page-background-meta":{"desktop":{"background-color":"","background-image":"","background-repeat":"repeat","background-position":"center center","background-size":"auto","background-attachment":"scroll","background-type":"","background-media":"","overlay-type":"","overlay-color":"","overlay-opacity":"","overlay-gradient":""},"tablet":{"background-color":"","background-image":"","background-repeat":"repeat","background-position":"center center","background-size":"auto","background-attachment":"scroll","background-type":"","background-media":"","overlay-type":"","overlay-color":"","overlay-opacity":"","overlay-gradient":""},"mobile":{"background-color":"","background-image":"","background-repeat":"repeat","background-position":"center center","background-size":"auto","background-attachment":"scroll","background-type":"","background-media":"","overlay-type":"","overlay-color":"","overlay-opacity":"","overlay-gradient":""}},"ast-content-background-meta":{"desktop":{"background-color":"var(--ast-global-color-5)","background-image":"","background-repeat":"repeat","background-position":"center center","background-size":"auto","background-attachment":"scroll","background-type":"","background-media":"","overlay-type":"","overlay-color":"","overlay-opacity":"","overlay-gradient":""},"tablet":{"background-color":"var(--ast-global-color-5)","background-image":"","background-repeat":"repeat","background-position":"center center","background-size":"auto","background-attachment":"scroll","background-type":"","background-media":"","overlay-type":"","overlay-color":"","overlay-opacity":"","overlay-gradient":""},"mobile":{"background-color":"var(--ast-global-color-5)","background-image":"","background-repeat":"repeat","background-position":"center center","background-size":"auto","background-attachment":"scroll","background-type":"","background-media":"","overlay-type":"","overlay-color":"","overlay-opacity":"","overlay-gradient":""}}},"product_brand":[],"product_cat":[47],"product_tag":[],"class_list":{"0":"post-2639","1":"product","2":"type-product","3":"status-publish","4":"has-post-thumbnail","6":"product_cat-colores","7":"desktop-align-left","8":"tablet-align-left","9":"mobile-align-left","11":"first","12":"instock","13":"taxable","14":"shipping-taxable","15":"purchasable","16":"product-type-simple"},"uagb_featured_image_src":{"full":["https:\/\/bpcrefinish.com\/wp-content\/uploads\/2023\/12\/7710.jpg",1080,1080,false],"thumbnail":["https:\/\/bpcrefinish.com\/wp-content\/uploads\/2023\/12\/7710-150x150.jpg",150,150,true],"medium":["https:\/\/bpcrefinish.com\/wp-content\/uploads\/2023\/12\/7710-300x300.jpg",300,300,true],"medium_large":["https:\/\/bpcrefinish.com\/wp-content\/uploads\/2023\/12\/7710-768x768.jpg",768,768,true],"large":["https:\/\/bpcrefinish.com\/wp-content\/uploads\/2023\/12\/7710-1024x1024.jpg",1024,1024,true],"1536x1536":["https:\/\/bpcrefinish.com\/wp-content\/uploads\/2023\/12\/7710.jpg",1080,1080,false],"2048x2048":["https:\/\/bpcrefinish.com\/wp-content\/uploads\/2023\/12\/7710.jpg",1080,1080,false],"woocommerce_thumbnail":["https:\/\/bpcrefinish.com\/wp-content\/uploads\/2023\/12\/7710-300x300.jpg",300,300,true],"woocommerce_single":["https:\/\/bpcrefinish.com\/wp-content\/uploads\/2023\/12\/7710-600x600.jpg",600,600,true],"woocommerce_gallery_thumbnail":["https:\/\/bpcrefinish.com\/wp-content\/uploads\/2023\/12\/7710-100x100.jpg",100,100,true],"variation_swatches_image_size":["https:\/\/bpcrefinish.com\/wp-content\/uploads\/2023\/12\/7710-50x50.jpg",50,50,true],"variation_swatches_tooltip_size":["https:\/\/bpcrefinish.com\/wp-content\/uploads\/2023\/12\/7710-100x100.jpg",100,100,true]},"uagb_author_info":{"display_name":"bpcrefinish","author_link":"https:\/\/bpcrefinish.com\/?author=0"},"uagb_comment_info":0,"uagb_excerpt":"PINTURA MONOCAPA COCHE BICOMPONENTE BRILLO DIRECTO. COLOR: BLANCO PURO &nbsp; USO EXCLUSICO PROFESIONAL","jetpack_sharing_enabled":true,"_links":{"self":[{"href":"https:\/\/bpcrefinish.com\/index.php?rest_route=\/wp\/v2\/product\/2639","targetHints":{"allow":["GET"]}}],"collection":[{"href":"https:\/\/bpcrefinish.com\/index.php?rest_route=\/wp\/v2\/product"}],"about":[{"href":"https:\/\/bpcrefinish.com\/index.php?rest_route=\/wp\/v2\/types\/product"}],"wp:featuredmedia":[{"embeddable":true,"href":"https:\/\/bpcrefinish.com\/index.php?rest_route=\/wp\/v2\/media\/2640"}],"wp:attachment":[{"href":"https:\/\/bpcrefinish.com\/index.php?rest_route=%2Fwp%2Fv2%2Fmedia&parent=2639"}],"wp:term":[{"taxonomy":"product_brand","embeddable":true,"href":"https:\/\/bpcrefinish.com\/index.php?rest_route=%2Fwp%2Fv2%2Fproduct_brand&post=2639"},{"taxonomy":"product_cat","embeddable":true,"href":"https:\/\/bpcrefinish.com\/index.php?rest_route=%2Fwp%2Fv2%2Fproduct_cat&post=2639"},{"taxonomy":"product_tag","embeddable":true,"href":"https:\/\/bpcrefinish.com\/index.php?rest_route=%2Fwp%2Fv2%2Fproduct_tag&post=2639"}],"curies":[{"name":"wp","href":"https:\/\/api.w.org\/{rel}","templated":true}]}}