{"id":2523,"date":"2023-12-22T21:58:35","date_gmt":"2023-12-22T21:58:35","guid":{"rendered":"https:\/\/bpcrefinish.com\/?post_type=product&#038;p=2523"},"modified":"2025-08-14T16:48:32","modified_gmt":"2025-08-14T16:48:32","slug":"barniz-uhs-anti-descuelgue","status":"publish","type":"product","link":"https:\/\/bpcrefinish.com\/?product=barniz-uhs-anti-descuelgue","title":{"rendered":"BARNIZ UHS ANTI DESCUELGUE 3380"},"content":{"rendered":"<p><strong>BARNIZ UHS ANTI-DESCUELGUE 3K.<\/strong><\/p>\n<p>Barniz acr\u00edlico UHS ultra alto s\u00f3lido, formulado para el sector Car Refinish, con propiedades tixotr\u00f3picas hidroxiladas, que mejora la lisura y previene el descuelgue.<br \/>\nF\u00e1cil de aplicar Buen secado, permite obtener unos acabados de calidad con dos manos<br \/>\niguales donde destaca por su alto brillo y las altas resistencias y durabilidad<br \/>\nIndicado particularmente en los ciclos de reparaci\u00f3n con bases bicapa al agua, en los que<br \/>\npermite reducir notablemente la absorci\u00f3n de las bases agua.<br \/>\nConforme a los l\u00edmites de categor\u00eda impuesto por la Directiva 2004\/42\/CE.<br \/>\n2004\/42\/IIb (d)(418) 420.<\/p>\n<p><a href=\"https:\/\/bpcrefinish.com\/wp-content\/uploads\/2023\/12\/trasp3380-anti-drip-uhs-3K._TDS_ES.pdf\">FICHA T\u00c9CNICA<\/a><\/p>\n<p><a href=\"https:\/\/bpcrefinish.com\/wp-content\/uploads\/2023\/12\/INFORMACION-DE-SEGURIDAD-3380.pdf\">INFORMACI\u00d3N DE SEGURIDAD<\/a><\/p>\n","protected":false},"excerpt":{"rendered":"<p>USO EXCLUSIVO PROFESIONAL<\/p>\n","protected":false},"featured_media":2529,"template":"","meta":{"om_disable_all_campaigns":false,"_uag_custom_page_level_css":"","_monsterinsights_skip_tracking":false,"_monsterinsights_sitenote_active":false,"_monsterinsights_sitenote_note":"","_monsterinsights_sitenote_category":0,"site-sidebar-layout":"default","site-content-layout":"","ast-site-content-layout":"default","site-content-style":"default","site-sidebar-style":"default","ast-global-header-display":"","ast-banner-title-visibility":"","ast-main-header-display":"","ast-hfb-above-header-display":"","ast-hfb-below-header-display":"","ast-hfb-mobile-header-display":"","site-post-title":"","ast-breadcrumbs-content":"","ast-featured-img":"","footer-sml-layout":"","ast-disable-related-posts":"","theme-transparent-header-meta":"default","adv-header-id-meta":"","stick-header-meta":"","header-above-stick-meta":"","header-main-stick-meta":"","header-below-stick-meta":"","astra-migrate-meta-layouts":"set","ast-page-background-enabled":"default","ast-page-background-meta":{"desktop":{"background-color":"","background-image":"","background-repeat":"repeat","background-position":"center center","background-size":"auto","background-attachment":"scroll","background-type":"","background-media":"","overlay-type":"","overlay-color":"","overlay-opacity":"","overlay-gradient":""},"tablet":{"background-color":"","background-image":"","background-repeat":"repeat","background-position":"center center","background-size":"auto","background-attachment":"scroll","background-type":"","background-media":"","overlay-type":"","overlay-color":"","overlay-opacity":"","overlay-gradient":""},"mobile":{"background-color":"","background-image":"","background-repeat":"repeat","background-position":"center center","background-size":"auto","background-attachment":"scroll","background-type":"","background-media":"","overlay-type":"","overlay-color":"","overlay-opacity":"","overlay-gradient":""}},"ast-content-background-meta":{"desktop":{"background-color":"var(--ast-global-color-5)","background-image":"","background-repeat":"repeat","background-position":"center center","background-size":"auto","background-attachment":"scroll","background-type":"","background-media":"","overlay-type":"","overlay-color":"","overlay-opacity":"","overlay-gradient":""},"tablet":{"background-color":"var(--ast-global-color-5)","background-image":"","background-repeat":"repeat","background-position":"center center","background-size":"auto","background-attachment":"scroll","background-type":"","background-media":"","overlay-type":"","overlay-color":"","overlay-opacity":"","overlay-gradient":""},"mobile":{"background-color":"var(--ast-global-color-5)","background-image":"","background-repeat":"repeat","background-position":"center center","background-size":"auto","background-attachment":"scroll","background-type":"","background-media":"","overlay-type":"","overlay-color":"","overlay-opacity":"","overlay-gradient":""}}},"product_brand":[],"product_cat":[24],"product_tag":[48],"class_list":{"0":"post-2523","1":"product","2":"type-product","3":"status-publish","4":"has-post-thumbnail","6":"product_cat-barnices","7":"product_tag-barnices","8":"desktop-align-left","9":"tablet-align-left","10":"mobile-align-left","12":"first","13":"instock","14":"taxable","15":"shipping-taxable","16":"purchasable","17":"product-type-variable"},"uagb_featured_image_src":{"full":["https:\/\/bpcrefinish.com\/wp-content\/uploads\/2023\/12\/3380-1L-Y-5L.jpg",1080,1080,false],"thumbnail":["https:\/\/bpcrefinish.com\/wp-content\/uploads\/2023\/12\/3380-1L-Y-5L-150x150.jpg",150,150,true],"medium":["https:\/\/bpcrefinish.com\/wp-content\/uploads\/2023\/12\/3380-1L-Y-5L-300x300.jpg",300,300,true],"medium_large":["https:\/\/bpcrefinish.com\/wp-content\/uploads\/2023\/12\/3380-1L-Y-5L-768x768.jpg",768,768,true],"large":["https:\/\/bpcrefinish.com\/wp-content\/uploads\/2023\/12\/3380-1L-Y-5L-1024x1024.jpg",1024,1024,true],"1536x1536":["https:\/\/bpcrefinish.com\/wp-content\/uploads\/2023\/12\/3380-1L-Y-5L.jpg",1080,1080,false],"2048x2048":["https:\/\/bpcrefinish.com\/wp-content\/uploads\/2023\/12\/3380-1L-Y-5L.jpg",1080,1080,false],"woocommerce_thumbnail":["https:\/\/bpcrefinish.com\/wp-content\/uploads\/2023\/12\/3380-1L-Y-5L-300x300.jpg",300,300,true],"woocommerce_single":["https:\/\/bpcrefinish.com\/wp-content\/uploads\/2023\/12\/3380-1L-Y-5L-600x600.jpg",600,600,true],"woocommerce_gallery_thumbnail":["https:\/\/bpcrefinish.com\/wp-content\/uploads\/2023\/12\/3380-1L-Y-5L-100x100.jpg",100,100,true],"variation_swatches_image_size":["https:\/\/bpcrefinish.com\/wp-content\/uploads\/2023\/12\/3380-1L-Y-5L-50x50.jpg",50,50,true],"variation_swatches_tooltip_size":["https:\/\/bpcrefinish.com\/wp-content\/uploads\/2023\/12\/3380-1L-Y-5L-100x100.jpg",100,100,true]},"uagb_author_info":{"display_name":"bpcrefinish","author_link":"https:\/\/bpcrefinish.com\/?author=0"},"uagb_comment_info":0,"uagb_excerpt":"USO EXCLUSIVO PROFESIONAL","jetpack_sharing_enabled":true,"_links":{"self":[{"href":"https:\/\/bpcrefinish.com\/index.php?rest_route=\/wp\/v2\/product\/2523","targetHints":{"allow":["GET"]}}],"collection":[{"href":"https:\/\/bpcrefinish.com\/index.php?rest_route=\/wp\/v2\/product"}],"about":[{"href":"https:\/\/bpcrefinish.com\/index.php?rest_route=\/wp\/v2\/types\/product"}],"wp:featuredmedia":[{"embeddable":true,"href":"https:\/\/bpcrefinish.com\/index.php?rest_route=\/wp\/v2\/media\/2529"}],"wp:attachment":[{"href":"https:\/\/bpcrefinish.com\/index.php?rest_route=%2Fwp%2Fv2%2Fmedia&parent=2523"}],"wp:term":[{"taxonomy":"product_brand","embeddable":true,"href":"https:\/\/bpcrefinish.com\/index.php?rest_route=%2Fwp%2Fv2%2Fproduct_brand&post=2523"},{"taxonomy":"product_cat","embeddable":true,"href":"https:\/\/bpcrefinish.com\/index.php?rest_route=%2Fwp%2Fv2%2Fproduct_cat&post=2523"},{"taxonomy":"product_tag","embeddable":true,"href":"https:\/\/bpcrefinish.com\/index.php?rest_route=%2Fwp%2Fv2%2Fproduct_tag&post=2523"}],"curies":[{"name":"wp","href":"https:\/\/api.w.org\/{rel}","templated":true}]}}