{"id":2213,"date":"2023-12-05T15:51:34","date_gmt":"2023-12-05T15:51:34","guid":{"rendered":"https:\/\/bpcrefinish.com\/?post_type=product&#038;p=2213"},"modified":"2024-01-24T12:19:38","modified_gmt":"2024-01-24T12:19:38","slug":"colores-a-la-carta","status":"publish","type":"product","link":"https:\/\/bpcrefinish.com\/?product=colores-a-la-carta","title":{"rendered":"Colores a la carta"},"content":{"rendered":"<p>Con nuestra exclusiva opci\u00f3n de colores a la carta, ofrecemos la posibilidad de personalizar cada veh\u00edculo seg\u00fan las preferencias \u00fanicas de tu marca, desde tonalidades cl\u00e1sicas hasta audaces creaciones que destacar\u00e1n en la carretera. Nuestra f\u00f3rmula de precisi\u00f3n y durabilidad garantiza no solo una apariencia impecable, sino tambi\u00e9n una resistencia excepcional a las condiciones clim\u00e1ticas adversas.<\/p>\n","protected":false},"excerpt":{"rendered":"<p>Recuerda que tienes que verificar el c\u00f3digo de color en la pegatina de caracter\u00edsticas del veh\u00edculo para estar seguro de que escoges el color correcto. Las muestras de color son orientativas, \u00fasalas s\u00f3lo como referencia.<\/p>\n","protected":false},"featured_media":2637,"template":"","meta":{"om_disable_all_campaigns":false,"_uag_custom_page_level_css":"","_monsterinsights_skip_tracking":false,"_monsterinsights_sitenote_active":false,"_monsterinsights_sitenote_note":"","_monsterinsights_sitenote_category":0,"site-sidebar-layout":"default","site-content-layout":"","ast-site-content-layout":"default","site-content-style":"default","site-sidebar-style":"default","ast-global-header-display":"","ast-banner-title-visibility":"","ast-main-header-display":"","ast-hfb-above-header-display":"","ast-hfb-below-header-display":"","ast-hfb-mobile-header-display":"","site-post-title":"","ast-breadcrumbs-content":"","ast-featured-img":"","footer-sml-layout":"","ast-disable-related-posts":"","theme-transparent-header-meta":"default","adv-header-id-meta":"","stick-header-meta":"","header-above-stick-meta":"","header-main-stick-meta":"","header-below-stick-meta":"","astra-migrate-meta-layouts":"set","ast-page-background-enabled":"default","ast-page-background-meta":{"desktop":{"background-color":"","background-image":"","background-repeat":"repeat","background-position":"center center","background-size":"auto","background-attachment":"scroll","background-type":"","background-media":"","overlay-type":"","overlay-color":"","overlay-opacity":"","overlay-gradient":""},"tablet":{"background-color":"","background-image":"","background-repeat":"repeat","background-position":"center center","background-size":"auto","background-attachment":"scroll","background-type":"","background-media":"","overlay-type":"","overlay-color":"","overlay-opacity":"","overlay-gradient":""},"mobile":{"background-color":"","background-image":"","background-repeat":"repeat","background-position":"center center","background-size":"auto","background-attachment":"scroll","background-type":"","background-media":"","overlay-type":"","overlay-color":"","overlay-opacity":"","overlay-gradient":""}},"ast-content-background-meta":{"desktop":{"background-color":"var(--ast-global-color-5)","background-image":"","background-repeat":"repeat","background-position":"center center","background-size":"auto","background-attachment":"scroll","background-type":"","background-media":"","overlay-type":"","overlay-color":"","overlay-opacity":"","overlay-gradient":""},"tablet":{"background-color":"var(--ast-global-color-5)","background-image":"","background-repeat":"repeat","background-position":"center center","background-size":"auto","background-attachment":"scroll","background-type":"","background-media":"","overlay-type":"","overlay-color":"","overlay-opacity":"","overlay-gradient":""},"mobile":{"background-color":"var(--ast-global-color-5)","background-image":"","background-repeat":"repeat","background-position":"center center","background-size":"auto","background-attachment":"scroll","background-type":"","background-media":"","overlay-type":"","overlay-color":"","overlay-opacity":"","overlay-gradient":""}}},"product_brand":[],"product_cat":[47],"product_tag":[],"class_list":{"0":"post-2213","1":"product","2":"type-product","3":"status-publish","4":"has-post-thumbnail","6":"product_cat-colores","7":"desktop-align-left","8":"tablet-align-left","9":"mobile-align-left","11":"first","12":"instock","13":"sale","14":"taxable","15":"shipping-taxable","16":"purchasable","17":"product-type-variable"},"uagb_featured_image_src":{"full":["https:\/\/bpcrefinish.com\/wp-content\/uploads\/2023\/12\/COLORES.jpg",1080,1080,false],"thumbnail":["https:\/\/bpcrefinish.com\/wp-content\/uploads\/2023\/12\/COLORES-150x150.jpg",150,150,true],"medium":["https:\/\/bpcrefinish.com\/wp-content\/uploads\/2023\/12\/COLORES-300x300.jpg",300,300,true],"medium_large":["https:\/\/bpcrefinish.com\/wp-content\/uploads\/2023\/12\/COLORES-768x768.jpg",768,768,true],"large":["https:\/\/bpcrefinish.com\/wp-content\/uploads\/2023\/12\/COLORES-1024x1024.jpg",1024,1024,true],"1536x1536":["https:\/\/bpcrefinish.com\/wp-content\/uploads\/2023\/12\/COLORES.jpg",1080,1080,false],"2048x2048":["https:\/\/bpcrefinish.com\/wp-content\/uploads\/2023\/12\/COLORES.jpg",1080,1080,false],"woocommerce_thumbnail":["https:\/\/bpcrefinish.com\/wp-content\/uploads\/2023\/12\/COLORES-300x300.jpg",300,300,true],"woocommerce_single":["https:\/\/bpcrefinish.com\/wp-content\/uploads\/2023\/12\/COLORES-600x600.jpg",600,600,true],"woocommerce_gallery_thumbnail":["https:\/\/bpcrefinish.com\/wp-content\/uploads\/2023\/12\/COLORES-100x100.jpg",100,100,true],"variation_swatches_image_size":["https:\/\/bpcrefinish.com\/wp-content\/uploads\/2023\/12\/COLORES-50x50.jpg",50,50,true],"variation_swatches_tooltip_size":["https:\/\/bpcrefinish.com\/wp-content\/uploads\/2023\/12\/COLORES-100x100.jpg",100,100,true]},"uagb_author_info":{"display_name":"bpcrefinish","author_link":"https:\/\/bpcrefinish.com\/?author=0"},"uagb_comment_info":0,"uagb_excerpt":"Recuerda que tienes que verificar el c\u00f3digo de color en la pegatina de caracter\u00edsticas del veh\u00edculo para estar seguro de que escoges el color correcto. Las muestras de color son orientativas, \u00fasalas s\u00f3lo como referencia.","jetpack_sharing_enabled":true,"_links":{"self":[{"href":"https:\/\/bpcrefinish.com\/index.php?rest_route=\/wp\/v2\/product\/2213","targetHints":{"allow":["GET"]}}],"collection":[{"href":"https:\/\/bpcrefinish.com\/index.php?rest_route=\/wp\/v2\/product"}],"about":[{"href":"https:\/\/bpcrefinish.com\/index.php?rest_route=\/wp\/v2\/types\/product"}],"wp:featuredmedia":[{"embeddable":true,"href":"https:\/\/bpcrefinish.com\/index.php?rest_route=\/wp\/v2\/media\/2637"}],"wp:attachment":[{"href":"https:\/\/bpcrefinish.com\/index.php?rest_route=%2Fwp%2Fv2%2Fmedia&parent=2213"}],"wp:term":[{"taxonomy":"product_brand","embeddable":true,"href":"https:\/\/bpcrefinish.com\/index.php?rest_route=%2Fwp%2Fv2%2Fproduct_brand&post=2213"},{"taxonomy":"product_cat","embeddable":true,"href":"https:\/\/bpcrefinish.com\/index.php?rest_route=%2Fwp%2Fv2%2Fproduct_cat&post=2213"},{"taxonomy":"product_tag","embeddable":true,"href":"https:\/\/bpcrefinish.com\/index.php?rest_route=%2Fwp%2Fv2%2Fproduct_tag&post=2213"}],"curies":[{"name":"wp","href":"https:\/\/api.w.org\/{rel}","templated":true}]}}