{"id":2270,"date":"2023-11-28T16:38:55","date_gmt":"2023-11-28T16:38:55","guid":{"rendered":"https:\/\/bpcrefinish.com\/?page_id=2270"},"modified":"2023-12-05T12:06:28","modified_gmt":"2023-12-05T12:06:28","slug":"politica-de-cookies","status":"publish","type":"page","link":"https:\/\/bpcrefinish.com\/?page_id=2270","title":{"rendered":"Pol\u00edtica de Cookies"},"content":{"rendered":"\t\t<div data-elementor-type=\"wp-page\" data-elementor-id=\"2270\" class=\"elementor elementor-2270\">\n\t\t\t\t\t\t<section class=\"elementor-section elementor-top-section elementor-element elementor-element-8ea3439 elementor-section-content-middle elementor-reverse-mobile elementor-section-boxed elementor-section-height-default elementor-section-height-default\" data-id=\"8ea3439\" data-element_type=\"section\" data-e-type=\"section\" data-settings=\"{&quot;background_background&quot;:&quot;classic&quot;}\">\n\t\t\t\t\t\t\t<div class=\"elementor-background-overlay\"><\/div>\n\t\t\t\t\t\t\t<div class=\"elementor-container elementor-column-gap-no\">\n\t\t\t\t\t<div class=\"elementor-column elementor-col-50 elementor-top-column elementor-element elementor-element-faa901b\" data-id=\"faa901b\" data-element_type=\"column\" data-e-type=\"column\">\n\t\t\t<div class=\"elementor-widget-wrap elementor-element-populated\">\n\t\t\t\t\t\t<div class=\"elementor-element elementor-element-9f7eefd elementor-widget elementor-widget-heading\" data-id=\"9f7eefd\" data-element_type=\"widget\" data-e-type=\"widget\" data-widget_type=\"heading.default\">\n\t\t\t\t<div class=\"elementor-widget-container\">\n\t\t\t\t\t<h2 class=\"elementor-heading-title elementor-size-default\">Pol\u00edtica de Cookies<\/h2>\t\t\t\t<\/div>\n\t\t\t\t<\/div>\n\t\t\t\t<div class=\"elementor-element elementor-element-ef49c51 elementor-widget-divider--view-line elementor-widget elementor-widget-divider\" data-id=\"ef49c51\" data-element_type=\"widget\" data-e-type=\"widget\" data-widget_type=\"divider.default\">\n\t\t\t\t<div class=\"elementor-widget-container\">\n\t\t\t\t\t\t\t<div class=\"elementor-divider\">\n\t\t\t<span class=\"elementor-divider-separator\">\n\t\t\t\t\t\t<\/span>\n\t\t<\/div>\n\t\t\t\t\t\t<\/div>\n\t\t\t\t<\/div>\n\t\t\t\t<div class=\"elementor-element elementor-element-1d641cd elementor-widget elementor-widget-text-editor\" data-id=\"1d641cd\" data-element_type=\"widget\" data-e-type=\"widget\" data-widget_type=\"text-editor.default\">\n\t\t\t\t<div class=\"elementor-widget-container\">\n\t\t\t\t\t\t\t\t\t<p>Te aseguramos una experiencia de compra segura y con total privacidad. Tu tranquilidad es la nuestra.<\/p>\t\t\t\t\t\t\t\t<\/div>\n\t\t\t\t<\/div>\n\t\t\t\t\t<\/div>\n\t\t<\/div>\n\t\t\t\t<div class=\"elementor-column elementor-col-50 elementor-top-column elementor-element elementor-element-56f7c34\" data-id=\"56f7c34\" data-element_type=\"column\" data-e-type=\"column\">\n\t\t\t<div class=\"elementor-widget-wrap elementor-element-populated\">\n\t\t\t\t\t\t<div class=\"elementor-element elementor-element-65a7fc5 elementor-widget elementor-widget-image\" data-id=\"65a7fc5\" data-element_type=\"widget\" data-e-type=\"widget\" data-widget_type=\"image.default\">\n\t\t\t\t<div class=\"elementor-widget-container\">\n\t\t\t\t\t\t\t\t\t\t\t\t\t\t\t<img fetchpriority=\"high\" decoding=\"async\" width=\"1024\" height=\"600\" src=\"https:\/\/bpcrefinish.com\/wp-content\/uploads\/2023\/11\/Politica-de-Cookies.jpg\" class=\"attachment-large size-large wp-image-2272\" alt=\"\" srcset=\"https:\/\/bpcrefinish.com\/wp-content\/uploads\/2023\/11\/Politica-de-Cookies.jpg 1024w, https:\/\/bpcrefinish.com\/wp-content\/uploads\/2023\/11\/Politica-de-Cookies-300x176.jpg 300w, https:\/\/bpcrefinish.com\/wp-content\/uploads\/2023\/11\/Politica-de-Cookies-768x450.jpg 768w, https:\/\/bpcrefinish.com\/wp-content\/uploads\/2023\/11\/Politica-de-Cookies-600x352.jpg 600w\" sizes=\"(max-width: 1024px) 100vw, 1024px\" \/>\t\t\t\t\t\t\t\t\t\t\t\t\t\t\t<\/div>\n\t\t\t\t<\/div>\n\t\t\t\t\t<\/div>\n\t\t<\/div>\n\t\t\t\t\t<\/div>\n\t\t<\/section>\n\t\t<div class=\"elementor-element elementor-element-fcb863d e-flex e-con-boxed e-con e-parent\" data-id=\"fcb863d\" data-element_type=\"container\" data-e-type=\"container\" data-settings=\"{&quot;background_background&quot;:&quot;classic&quot;}\">\n\t\t\t\t\t<div class=\"e-con-inner\">\n\t\t\t\t<div class=\"elementor-element elementor-element-e31a494 elementor-widget elementor-widget-text-editor\" data-id=\"e31a494\" data-element_type=\"widget\" data-e-type=\"widget\" data-widget_type=\"text-editor.default\">\n\t\t\t\t<div class=\"elementor-widget-container\">\n\t\t\t\t\t\t\t\t\t<p style=\"text-align: left;\">\u00bfQ\u00daE ES UNA COOKIE Y PARA QU\u00c9 LA USAMOS?&nbsp;<\/p>\n<p style=\"text-align: left;\">Una cookie es un fichero que se descarga en su ordenador, smartphone o tablet al acceder a determinadas p\u00e1ginas web. Las cookies permiten a una p\u00e1gina web, entre otras cosas, almacenar y recuperar informaci\u00f3n sobre los h\u00e1bitos de navegaci\u00f3n de un usuario o de su equipo y, dependiendo de la informaci\u00f3n que contengan y de la forma en que utilice su equipo, pueden utilizarse para reconocer al usuario.<\/p>\n<p style=\"text-align: left;\">la utilidad de las cookies es guardar el historial de su actividad en nuestra p\u00e1gina web, de forma que, cuando la visite nuevamente, \u00e9sta pueda identificarle y configurar el contenido de la misma en base a sus h\u00e1bitos de navegaci\u00f3n, identidad y preferencias.<\/p>\n<p style=\"text-align: left;\">Una cookie no contiene ning\u00fan c\u00f3digo malicioso o malintencionado que pueda da\u00f1ar su terminal, pero si tiene cierto impacto en su derecho a la protecci\u00f3n de sus datos, pues recoger determinada informaci\u00f3n concerniente a su persona.<\/p>\n<p style=\"text-align: left;\">Una de las clasificaciones que se puede hacer de las cookies es sobre la finalidad a la que se destinan, as\u00ed tenemos varios tipos:<\/p>\n<ul style=\"text-align: left;\">\n<li><strong><em>Cookies&nbsp;<\/em>t\u00e9cnicas<\/strong>: Son aqu\u00e9llas que permiten al usuario la navegaci\u00f3n a trav\u00e9s de una p\u00e1gina web, plataforma o aplicaci\u00f3n y la utilizaci\u00f3n de las diferentes opciones o servicios que en ella existan como, por ejemplo, controlar el tr\u00e1fico y la comunicaci\u00f3n de datos, identificar la sesi\u00f3n, acceder a partes de acceso restringido, recordar los elementos que integran un pedido, realizar el proceso de compra de un pedido, realizar la solicitud de inscripci\u00f3n o participaci\u00f3n en un evento, utilizar elementos de seguridad durante la navegaci\u00f3n, almacenar contenidos para la difusi\u00f3n de videos o sonido o compartir contenidos a trav\u00e9s de redes sociales.<\/li>\n<li><strong><em>Cookies&nbsp;<\/em>de personalizaci\u00f3n<\/strong>: Son aqu\u00e9llas que permiten al usuario acceder al servicio con algunas caracter\u00edsticas de car\u00e1cter general predefinidas en funci\u00f3n de una serie de criterios en el terminal del usuario como por ejemplo serian el idioma, el tipo de navegador a trav\u00e9s del cual accede al servicio, la configuraci\u00f3n regional desde donde accede al servicio, etc.<\/li>\n<li><strong><em>Cookies&nbsp;<\/em>de an\u00e1lisis<\/strong>: Son aqu\u00e9llas que permiten al responsable de las mismas, el seguimiento y an\u00e1lisis del comportamiento de los usuarios de los sitios web a los que est\u00e1n vinculadas. La informaci\u00f3n recogida mediante este tipo de cookies se utiliza en la medici\u00f3n de la actividad de los sitios web, aplicaci\u00f3n o plataforma y para la elaboraci\u00f3n de perfiles de navegaci\u00f3n de los usuarios de dichos sitios, aplicaciones y plataformas, con el fin de introducir mejoras en funci\u00f3n del an\u00e1lisis de los datos de uso que hacen los usuarios del servicio.<\/li>\n<li><strong><em>Cookies&nbsp;<\/em>publicitarias<\/strong>: Son aqu\u00e9llas que permiten la gesti\u00f3n, de la forma m\u00e1s eficaz posible, de los espacios publicitarios que, en su caso, el editor haya incluido en una p\u00e1gina web, aplicaci\u00f3n o plataforma desde la que presta el servicio solicitado en base a criterios como el contenido editado o la frecuencia en la que se muestran los anuncios.<\/li>\n<li><strong><em>Cookies de&nbsp;<\/em>publicidad comportamental<\/strong>: Son aqu\u00e9llas que permiten la gesti\u00f3n, de la forma m\u00e1s eficaz posible, de los espacios publicitarios que, en su caso, el editor haya incluido en una p\u00e1gina web, aplicaci\u00f3n o plataforma desde la que presta el servicio solicitado. Estas cookies almacenan informaci\u00f3n del comportamiento de los usuarios obtenida a trav\u00e9s de la observaci\u00f3n continuada de sus h\u00e1bitos de navegaci\u00f3n, lo que permite desarrollar un perfil espec\u00edfico para mostrar publicidad en funci\u00f3n del mismo.<\/li>\n<\/ul>\n<p style=\"text-align: left;\">\u00bfQU\u00c9 PUEDO HACER CON LAS COOKIES?<\/p>\n<p style=\"text-align: left;\">Pueden ser borradas, aceptadas o bloqueadas, seg\u00fan desee. Para esto solo debe configurar convenientemente el navegador web.<\/p>\n<p style=\"text-align: left;\">A continuaci\u00f3n, le facilitaremos los enlaces para la gesti\u00f3n de sus cookies dependiendo del navegador que utilice:<\/p>\n<ul style=\"text-align: left;\">\n<li><strong>Chrome<\/strong>, desde&nbsp;<a href=\"http:\/\/support.google.com\/chrome\/bin\/answer.py?hl=es&amp;answer=95647\" target=\"_blank\" rel=\"noopener\">el soporte de Google Chrome<\/a><\/li>\n<li><strong>Explorer<\/strong>, desde&nbsp;<a href=\"http:\/\/windows.microsoft.com\/es-es\/windows7\/how-to-manage-cookies-in-internet-explorer-9\" target=\"_blank\" rel=\"noopener\">la ayuda de Microsoft<\/a><\/li>\n<li><strong>Firefox<\/strong>, desde&nbsp;<a href=\"http:\/\/support.mozilla.org\/es\/kb\/habilitar-y-deshabilitar-cookies-que-los-sitios-we\" target=\"_blank\" rel=\"noopener\">el soporte de Mozilla<\/a><\/li>\n<li><strong>Safari<\/strong>, desde&nbsp;<a href=\"http:\/\/support.apple.com\/kb\/ph5042\" target=\"_blank\" rel=\"noopener\">la web de Soporte de Apple<\/a><\/li>\n<\/ul>\n<p style=\"text-align: left;\">Tambi\u00e9n puede borrar o modificar las cookies que tenga guardadas en su navegador acudiendo a las opciones de configuraci\u00f3n del mismo.<\/p>\t\t\t\t\t\t\t\t<\/div>\n\t\t\t\t<\/div>\n\t\t\t\t\t<\/div>\n\t\t\t\t<\/div>\n\t\t\t\t<\/div>\n\t\t","protected":false},"excerpt":{"rendered":"<p>Pol\u00edtica de Cookies Te aseguramos una experiencia de compra segura y con total privacidad. Tu tranquilidad es la nuestra. \u00bfQ\u00daE ES UNA COOKIE Y PARA QU\u00c9 LA USAMOS?&nbsp; Una cookie es un fichero que se descarga en su ordenador, smartphone o tablet al acceder a determinadas p\u00e1ginas web. Las cookies permiten a una p\u00e1gina web, [&hellip;]<\/p>\n","protected":false},"author":1,"featured_media":0,"parent":0,"menu_order":0,"comment_status":"closed","ping_status":"closed","template":"","meta":{"om_disable_all_campaigns":false,"_uag_custom_page_level_css":"","_monsterinsights_skip_tracking":false,"_monsterinsights_sitenote_active":false,"_monsterinsights_sitenote_note":"","_monsterinsights_sitenote_category":0,"site-sidebar-layout":"no-sidebar","site-content-layout":"page-builder","ast-site-content-layout":"full-width-container","site-content-style":"default","site-sidebar-style":"default","ast-global-header-display":"","ast-banner-title-visibility":"","ast-main-header-display":"","ast-hfb-above-header-display":"","ast-hfb-below-header-display":"","ast-hfb-mobile-header-display":"","site-post-title":"disabled","ast-breadcrumbs-content":"","ast-featured-img":"disabled","footer-sml-layout":"","ast-disable-related-posts":"","theme-transparent-header-meta":"","adv-header-id-meta":"","stick-header-meta":"","header-above-stick-meta":"","header-main-stick-meta":"","header-below-stick-meta":"","astra-migrate-meta-layouts":"set","ast-page-background-enabled":"default","ast-page-background-meta":{"desktop":{"background-color":"","background-image":"","background-repeat":"repeat","background-position":"center center","background-size":"auto","background-attachment":"scroll","background-type":"","background-media":"","overlay-type":"","overlay-color":"","overlay-opacity":"","overlay-gradient":""},"tablet":{"background-color":"","background-image":"","background-repeat":"repeat","background-position":"center center","background-size":"auto","background-attachment":"scroll","background-type":"","background-media":"","overlay-type":"","overlay-color":"","overlay-opacity":"","overlay-gradient":""},"mobile":{"background-color":"","background-image":"","background-repeat":"repeat","background-position":"center center","background-size":"auto","background-attachment":"scroll","background-type":"","background-media":"","overlay-type":"","overlay-color":"","overlay-opacity":"","overlay-gradient":""}},"ast-content-background-meta":{"desktop":{"background-color":"var(--ast-global-color-5)","background-image":"","background-repeat":"repeat","background-position":"center center","background-size":"auto","background-attachment":"scroll","background-type":"","background-media":"","overlay-type":"","overlay-color":"","overlay-opacity":"","overlay-gradient":""},"tablet":{"background-color":"var(--ast-global-color-5)","background-image":"","background-repeat":"repeat","background-position":"center center","background-size":"auto","background-attachment":"scroll","background-type":"","background-media":"","overlay-type":"","overlay-color":"","overlay-opacity":"","overlay-gradient":""},"mobile":{"background-color":"var(--ast-global-color-5)","background-image":"","background-repeat":"repeat","background-position":"center center","background-size":"auto","background-attachment":"scroll","background-type":"","background-media":"","overlay-type":"","overlay-color":"","overlay-opacity":"","overlay-gradient":""}},"footnotes":""},"class_list":["post-2270","page","type-page","status-publish","hentry"],"uagb_featured_image_src":{"full":false,"thumbnail":false,"medium":false,"medium_large":false,"large":false,"1536x1536":false,"2048x2048":false,"woocommerce_thumbnail":false,"woocommerce_single":false,"woocommerce_gallery_thumbnail":false,"variation_swatches_image_size":false,"variation_swatches_tooltip_size":false},"uagb_author_info":{"display_name":"bpcrefinish","author_link":"https:\/\/bpcrefinish.com\/?author=1"},"uagb_comment_info":0,"uagb_excerpt":"Pol\u00edtica de Cookies Te aseguramos una experiencia de compra segura y con total privacidad. Tu tranquilidad es la nuestra. \u00bfQ\u00daE ES UNA COOKIE Y PARA QU\u00c9 LA USAMOS?&nbsp; Una cookie es un fichero que se descarga en su ordenador, smartphone o tablet al acceder a determinadas p\u00e1ginas web. Las cookies permiten a una p\u00e1gina web,&hellip;","jetpack_sharing_enabled":true,"_links":{"self":[{"href":"https:\/\/bpcrefinish.com\/index.php?rest_route=\/wp\/v2\/pages\/2270","targetHints":{"allow":["GET"]}}],"collection":[{"href":"https:\/\/bpcrefinish.com\/index.php?rest_route=\/wp\/v2\/pages"}],"about":[{"href":"https:\/\/bpcrefinish.com\/index.php?rest_route=\/wp\/v2\/types\/page"}],"author":[{"embeddable":true,"href":"https:\/\/bpcrefinish.com\/index.php?rest_route=\/wp\/v2\/users\/1"}],"replies":[{"embeddable":true,"href":"https:\/\/bpcrefinish.com\/index.php?rest_route=%2Fwp%2Fv2%2Fcomments&post=2270"}],"version-history":[{"count":11,"href":"https:\/\/bpcrefinish.com\/index.php?rest_route=\/wp\/v2\/pages\/2270\/revisions"}],"predecessor-version":[{"id":2367,"href":"https:\/\/bpcrefinish.com\/index.php?rest_route=\/wp\/v2\/pages\/2270\/revisions\/2367"}],"wp:attachment":[{"href":"https:\/\/bpcrefinish.com\/index.php?rest_route=%2Fwp%2Fv2%2Fmedia&parent=2270"}],"curies":[{"name":"wp","href":"https:\/\/api.w.org\/{rel}","templated":true}]}}